{"id":18741,"date":"2025-05-24T00:01:41","date_gmt":"2025-05-23T22:01:41","guid":{"rendered":"https:\/\/webpubli-preproduccion.altermutua.com\/?page_id=18741"},"modified":"2025-05-27T09:42:41","modified_gmt":"2025-05-27T07:42:41","slug":"asamblea-general","status":"publish","type":"page","link":"https:\/\/webpubli-preproduccion.altermutua.com\/es\/la-mutua\/asamblea-general\/","title":{"rendered":"Asamblea General"},"content":{"rendered":"<p><div class=\"fusion-fullwidth fullwidth-box fusion-builder-row-1 fusion-flex-container has-pattern-background has-mask-background fusion-parallax-none nonhundred-percent-fullwidth non-hundred-percent-height-scrolling lazyload\" style=\"--awb-border-radius-top-left:0px;--awb-border-radius-top-right:0px;--awb-border-radius-bottom-right:0px;--awb-border-radius-bottom-left:0px;--awb-padding-top:80px;--awb-padding-bottom:140px;--awb-padding-top-small:100px;--awb-padding-bottom-small:100px;--awb-min-height:200px;--awb-background-size:cover;--awb-flex-wrap:wrap;\" data-bg=\"https:\/\/webpubli-preproduccion.altermutua.com\/wp-content\/uploads\/2022\/02\/Organos_gobierno.jpg\" ><div class=\"fusion-builder-row fusion-row fusion-flex-align-items-center fusion-flex-align-content-center fusion-flex-justify-content-center fusion-flex-content-wrap\" style=\"max-width:1331.2px;margin-left: calc(-4% \/ 2 );margin-right: calc(-4% \/ 2 );\"><div class=\"fusion-layout-column fusion_builder_column fusion-builder-column-0 fusion_builder_column_1_1 1_1 fusion-flex-column\" style=\"--awb-bg-size:cover;--awb-width-large:100%;--awb-margin-top-large:0px;--awb-spacing-right-large:1.92%;--awb-margin-bottom-large:20px;--awb-spacing-left-large:1.92%;--awb-width-medium:100%;--awb-order-medium:0;--awb-spacing-right-medium:1.92%;--awb-spacing-left-medium:1.92%;--awb-width-small:100%;--awb-order-small:0;--awb-spacing-right-small:1.92%;--awb-spacing-left-small:1.92%;\"><div class=\"fusion-column-wrapper fusion-column-has-shadow fusion-flex-justify-content-flex-start fusion-content-layout-column\"><div class=\"fusion-title title fusion-title-1 fusion-sep-none fusion-title-center fusion-title-text fusion-title-size-one\" style=\"--awb-text-color:var(--awb-color1);--awb-margin-bottom:24px;--awb-margin-top-small:10px;--awb-margin-right-small:0px;--awb-margin-bottom-small:10px;--awb-margin-left-small:0px;\"><h1 class=\"fusion-title-heading title-heading-center fusion-responsive-typography-calculated\" style=\"font-family:&quot;Trade Gothic Bold&quot;;font-style:normal;font-weight:400;margin:0;--fontSize:48;line-height:1.16;\">Asamblea General<\/h1><\/div><\/div><\/div><\/div><\/div><div class=\"fusion-fullwidth fullwidth-box fusion-builder-row-2 fusion-flex-container has-pattern-background has-mask-background nonhundred-percent-fullwidth non-hundred-percent-height-scrolling\" style=\"--awb-border-radius-top-left:0px;--awb-border-radius-top-right:0px;--awb-border-radius-bottom-right:0px;--awb-border-radius-bottom-left:0px;--awb-margin-top:-100px;--awb-flex-wrap:wrap;\" ><div class=\"fusion-builder-row fusion-row fusion-flex-align-items-flex-start fusion-flex-justify-content-center fusion-flex-content-wrap\" style=\"max-width:1331.2px;margin-left: calc(-4% \/ 2 );margin-right: calc(-4% \/ 2 );\"><div class=\"fusion-layout-column fusion_builder_column fusion-builder-column-1 fusion_builder_column_4_5 4_5 fusion-flex-column\" style=\"--awb-padding-top:48px;--awb-padding-right:48px;--awb-padding-bottom:48px;--awb-padding-left:48px;--awb-overflow:hidden;--awb-bg-color:var(--awb-color1);--awb-bg-color-hover:var(--awb-color1);--awb-bg-blend:overlay;--awb-bg-size:cover;--awb-border-color:var(--awb-color4);--awb-border-top:1px;--awb-border-right:1px;--awb-border-bottom:1px;--awb-border-left:1px;--awb-border-style:solid;--awb-border-radius:4px 4px 4px 4px;--awb-width-large:80%;--awb-margin-top-large:0px;--awb-spacing-right-large:2.4%;--awb-margin-bottom-large:20px;--awb-spacing-left-large:2.4%;--awb-width-medium:80%;--awb-order-medium:0;--awb-spacing-right-medium:2.4%;--awb-spacing-left-medium:2.4%;--awb-width-small:100%;--awb-order-small:0;--awb-spacing-right-small:1.92%;--awb-spacing-left-small:1.92%;\" data-scroll-devices=\"small-visibility,medium-visibility,large-visibility\"><div class=\"fusion-column-wrapper fusion-column-has-shadow fusion-flex-justify-content-flex-start fusion-content-layout-column\"><div class=\"fusion-image-element \" style=\"text-align:center;--awb-max-width:90px;--awb-caption-title-font-family:var(--h2_typography-font-family);--awb-caption-title-font-weight:var(--h2_typography-font-weight);--awb-caption-title-font-style:var(--h2_typography-font-style);--awb-caption-title-size:var(--h2_typography-font-size);--awb-caption-title-transform:var(--h2_typography-text-transform);--awb-caption-title-line-height:var(--h2_typography-line-height);--awb-caption-title-letter-spacing:var(--h2_typography-letter-spacing);\"><span class=\" fusion-imageframe imageframe-none imageframe-1 hover-type-none\"><img decoding=\"async\" width=\"95\" height=\"123\" title=\"AlterMutua\" src=\"data:image\/svg+xml,%3Csvg%20xmlns%3D%27http%3A%2F%2Fwww.w3.org%2F2000%2Fsvg%27%20width%3D%2795%27%20height%3D%27123%27%20viewBox%3D%270%200%2095%20123%27%3E%3Crect%20width%3D%2795%27%20height%3D%27123%27%20fill-opacity%3D%220%22%2F%3E%3C%2Fsvg%3E\" data-orig-src=\"https:\/\/webpubli-preproduccion.altermutua.com\/wp-content\/uploads\/2022\/02\/AlterMutua.svg\" alt class=\"lazyload img-responsive wp-image-7963\"\/><\/span><\/div><div class=\"fusion-text fusion-text-1 fusion-text-no-margin\" style=\"--awb-margin-bottom:15px;\"><h2 style=\"text-align: center;\">Asamblea General 2025<\/h2>\n<\/div><div class=\"fusion-text fusion-text-2 fusion-text-no-margin\" style=\"--awb-margin-bottom:10px;\"><p style=\"text-align: center;\">Aqu\u00ed puedes consultar toda la documentaci\u00f3n relativa a la <strong>pr\u00f3xima Asamblea General de Alter Mutua<\/strong> que tendr\u00e1 lugar en la Sala de Actos del Palauet Casades del Ilustre Colegio de la Abogac\u00eda de Barcelona, calle Mallorca n\u00fam. 283, el pr\u00f3ximo d\u00eda <strong>25 de junio de 2025<\/strong> a las 12 horas en primera convocatoria y a las 13 horas en segunda convocatoria<\/p>\n<\/div><div class=\"fusion-text fusion-text-3 fusion-text-no-margin\" style=\"--awb-margin-bottom:15px;\"><p><center><div class=\"fusion-button-wrapper\"><a class=\"fusion-button button-flat fusion-button-default-size button-default fusion-button-default button-1 fusion-button-default-span fusion-button-default-type\" target=\" _blank\" href=\"https:\/\/webpubli-preproduccion.altermutua.com\/docs\/Convocatoria_AG_2025_ES.pdf\"><i class=\"fa-file-pdf fas awb-button__icon awb-button__icon--default button-icon-left\" aria-hidden=\"true\"><\/i><span class=\"fusion-button-text awb-button__text awb-button__text--default\">Convocatoria<\/span><\/a><\/div>\u00a0 \u00a0<div class=\"fusion-button-wrapper\"><a class=\"fusion-button button-flat fusion-button-default-size button-default fusion-button-default button-2 fusion-button-default-span fusion-button-default-type\" target=\" _blank\" href=\"https:\/\/webpubli-preproduccion.altermutua.com\/docs\/AG_AlterMutua_2025_ES.pdf\"><i class=\"fa-file-pdf fas awb-button__icon awb-button__icon--default button-icon-left\" aria-hidden=\"true\"><\/i><span class=\"fusion-button-text awb-button__text awb-button__text--default\">Asuntos a tratar<\/span><\/a><\/div><\/center><\/p>\n<\/div><div style=\"text-align:center;\"><a class=\"fusion-button button-flat fusion-button-default-size button-default fusion-button-default button-3 fusion-button-default-span fusion-button-default-type\" style=\"--awb-margin-bottom:15px;\" target=\"_blank\" rel=\"noopener noreferrer\" href=\"https:\/\/webpubli-preproduccion.altermutua.com\/docs\/CCAA_Individuales_Alter%20Mutua_2024.pdf\"><i class=\"fa-file-pdf fas awb-button__icon awb-button__icon--default button-icon-left\" aria-hidden=\"true\"><\/i><span class=\"fusion-button-text awb-button__text awb-button__text--default\">CUENTAS ANUALES INDIVIDUALES E INFORME DE GESTI\u00d3N EJERCICIO 2024<\/span><\/a><\/div><div style=\"text-align:center;\"><a class=\"fusion-button button-flat fusion-button-default-size button-default fusion-button-default button-4 fusion-button-default-span fusion-button-default-type\" style=\"--awb-margin-bottom:15px;\" target=\"_blank\" rel=\"noopener noreferrer\" href=\"https:\/\/webpubli-preproduccion.altermutua.com\/docs\/CCAA_Consolidadas_Alter%20Mutua_2024.pdf\"><i class=\"fa-file-pdf fas awb-button__icon awb-button__icon--default button-icon-left\" aria-hidden=\"true\"><\/i><span class=\"fusion-button-text awb-button__text awb-button__text--default\">CUENTAS ANUALES CONSOLIDADAS E INFORME DE GESTI\u00d3N EJERCICIO 2024<\/span><\/a><\/div><div class=\"fusion-text fusion-text-4\" style=\"--awb-font-size:var(--awb-typography5-font-size);--awb-line-height:var(--awb-typography5-line-height);--awb-letter-spacing:var(--awb-typography5-letter-spacing);--awb-text-transform:var(--awb-typography5-text-transform);--awb-text-font-family:var(--awb-typography5-font-family);--awb-text-font-weight:var(--awb-typography5-font-weight);--awb-text-font-style:var(--awb-typography5-font-style);\"><p style=\"text-align: center;\">Si est\u00e1s adscrito a un colegio diferente del de Barcelona y deseas ejercer tu derecho de participaci\u00f3n y voto en la Asamblea General desde la demarcaci\u00f3n de tu colegio, debes comunic\u00e1rnoslo (<a href=\"mailto:sam@altermutua.com\" target=\"_blank\" rel=\"noopener\">sam@altermutua.com<\/a>) antes del d\u00eda 20 de junio de 2025 con el fin de habilitar los correspondientes mecanismos de participaci\u00f3n.<\/p>\n<\/div><\/div><\/div><\/div><\/div><div class=\"fusion-fullwidth fullwidth-box fusion-builder-row-3 fusion-flex-container nonhundred-percent-fullwidth non-hundred-percent-height-scrolling\" style=\"--awb-border-radius-top-left:0px;--awb-border-radius-top-right:0px;--awb-border-radius-bottom-right:0px;--awb-border-radius-bottom-left:0px;--awb-padding-top:60px;--awb-padding-bottom:60px;--awb-background-color:var(--awb-color7);--awb-flex-wrap:wrap;\" ><div class=\"fusion-builder-row fusion-row fusion-flex-align-items-flex-start fusion-flex-justify-content-center fusion-flex-content-wrap\" style=\"max-width:1331.2px;margin-left: calc(-4% \/ 2 );margin-right: calc(-4% \/ 2 );\"><div class=\"fusion-layout-column fusion_builder_column fusion-builder-column-2 fusion_builder_column_1_3 1_3 fusion-flex-column\" style=\"--awb-padding-top:24px;--awb-padding-right:24px;--awb-padding-bottom:24px;--awb-padding-left:24px;--awb-overflow:hidden;--awb-bg-color:var(--awb-color1);--awb-bg-color-hover:var(--awb-color1);--awb-bg-size:cover;--awb-border-color:var(--awb-color4);--awb-border-top:1px;--awb-border-right:1px;--awb-border-bottom:1px;--awb-border-left:1px;--awb-border-style:solid;--awb-border-radius:4px 4px 4px 4px;--awb-width-large:33.333333333333%;--awb-margin-top-large:0px;--awb-spacing-right-large:5.76%;--awb-margin-bottom-large:20px;--awb-spacing-left-large:5.76%;--awb-width-medium:33.333333333333%;--awb-order-medium:0;--awb-spacing-right-medium:5.76%;--awb-spacing-left-medium:5.76%;--awb-width-small:100%;--awb-order-small:0;--awb-spacing-right-small:1.92%;--awb-spacing-left-small:1.92%;\"><div class=\"fusion-column-wrapper fusion-column-has-shadow fusion-flex-justify-content-flex-start fusion-content-layout-column\"><div class=\"fusion-image-element \" style=\"text-align:center;--awb-max-width:90px;--awb-caption-title-font-family:var(--h2_typography-font-family);--awb-caption-title-font-weight:var(--h2_typography-font-weight);--awb-caption-title-font-style:var(--h2_typography-font-style);--awb-caption-title-size:var(--h2_typography-font-size);--awb-caption-title-transform:var(--h2_typography-text-transform);--awb-caption-title-line-height:var(--h2_typography-line-height);--awb-caption-title-letter-spacing:var(--h2_typography-letter-spacing);\"><span class=\" fusion-imageframe imageframe-none imageframe-2 hover-type-none\"><img decoding=\"async\" width=\"214\" height=\"295\" title=\"documentos-altermutua\" src=\"data:image\/svg+xml,%3Csvg%20xmlns%3D%27http%3A%2F%2Fwww.w3.org%2F2000%2Fsvg%27%20width%3D%27214%27%20height%3D%27295%27%20viewBox%3D%270%200%20214%20295%27%3E%3Crect%20width%3D%27214%27%20height%3D%27295%27%20fill-opacity%3D%220%22%2F%3E%3C%2Fsvg%3E\" data-orig-src=\"https:\/\/webpubli-preproduccion.altermutua.com\/wp-content\/uploads\/2022\/01\/documents-altermutua.svg\" alt class=\"lazyload img-responsive wp-image-7945\"\/><\/span><\/div><div class=\"fusion-title title fusion-title-2 fusion-sep-none fusion-title-center fusion-title-text fusion-title-size-four\" style=\"--awb-margin-top-small:10px;--awb-margin-right-small:0px;--awb-margin-bottom-small:10px;--awb-margin-left-small:0px;\"><h4 class=\"fusion-title-heading title-heading-center fusion-responsive-typography-calculated\" style=\"font-family:&quot;Trade Gothic Bold&quot;;font-style:normal;font-weight:400;margin:0;--fontSize:21;--minFontSize:21;line-height:1.36;\">Estatutos sociales<\/h4><\/div><div class=\"fusion-text fusion-text-5\" style=\"--awb-content-alignment:center;--awb-text-transform:none;\"><p>Aprobados por la Asamblea General\u00a0celebrada el 27 de junio de 2024<\/p>\n<\/div><div style=\"text-align:center;\"><a class=\"fusion-button button-flat fusion-button-default-size button-default fusion-button-default button-5 fusion-button-default-span fusion-button-default-type\" target=\"_blank\" rel=\"noopener noreferrer\" href=\"\/docs\/Estatutos_ES.pdf\"><i class=\"fa-file-pdf fas awb-button__icon awb-button__icon--default button-icon-left\" aria-hidden=\"true\"><\/i><span class=\"fusion-button-text awb-button__text awb-button__text--default\">DESCARGAR<\/span><\/a><\/div><\/div><\/div><\/div><\/div><\/p>\n","protected":false},"excerpt":{"rendered":"","protected":false},"author":2,"featured_media":7991,"parent":8112,"menu_order":0,"comment_status":"closed","ping_status":"closed","template":"100-width.php","meta":{"_acf_changed":false,"footnotes":""},"class_list":["post-18741","page","type-page","status-publish","has-post-thumbnail","hentry"],"acf":[],"yoast_head":"<!-- This site is optimized with the Yoast SEO Premium plugin v25.2 (Yoast SEO v27.4) - https:\/\/yoast.com\/product\/yoast-seo-premium-wordpress\/ -->\n<title>Asamblea General - Alter Mutua<\/title>\n<meta name=\"description\" content=\"Aqu\u00ed puedes consultar toda la documentaci\u00f3n relativa a la pr\u00f3xima Asamblea General de Alter Mutua, que se celebrar\u00e1 el 25 de junio de 2025\" \/>\n<meta name=\"robots\" content=\"index, follow, max-snippet:-1, max-image-preview:large, max-video-preview:-1\" \/>\n<link rel=\"canonical\" href=\"https:\/\/webpubli-preproduccion.altermutua.com\/es\/la-mutua\/asamblea-general\/\" \/>\n<meta property=\"og:locale\" content=\"es_ES\" \/>\n<meta property=\"og:type\" content=\"article\" \/>\n<meta property=\"og:title\" content=\"Asamblea General - Alter Mutua\" \/>\n<meta property=\"og:description\" content=\"Aqu\u00ed puedes consultar toda la documentaci\u00f3n relativa a la pr\u00f3xima Asamblea General de Alter Mutua, que se celebrar\u00e1 el 25 de junio de 2025\" \/>\n<meta property=\"og:url\" content=\"https:\/\/webpubli-preproduccion.altermutua.com\/es\/la-mutua\/asamblea-general\/\" \/>\n<meta property=\"og:site_name\" content=\"Alter Mutua\" \/>\n<meta property=\"article:publisher\" content=\"https:\/\/www.facebook.com\/altermutua\/\" \/>\n<meta property=\"article:modified_time\" content=\"2025-05-27T07:42:41+00:00\" \/>\n<meta property=\"og:image\" content=\"https:\/\/webpubli-preproduccion.altermutua.com\/wp-content\/uploads\/2022\/02\/Organos_gobierno.jpg\" \/>\n\t<meta property=\"og:image:width\" content=\"1926\" \/>\n\t<meta property=\"og:image:height\" content=\"981\" \/>\n\t<meta property=\"og:image:type\" content=\"image\/jpeg\" \/>\n<meta name=\"twitter:card\" content=\"summary_large_image\" \/>\n<meta name=\"twitter:title\" content=\"Asamblea General - Alter Mutua\" \/>\n<meta name=\"twitter:description\" content=\"Aqu\u00ed puedes consultar toda la documentaci\u00f3n relativa a la pr\u00f3xima Asamblea General de Alter Mutua, que se celebrar\u00e1 el 25 de junio de 2025\" \/>\n<meta name=\"twitter:site\" content=\"@altermutua\" \/>\n<meta name=\"twitter:label1\" content=\"Tiempo de lectura\" \/>\n\t<meta name=\"twitter:data1\" content=\"2 minutos\" \/>\n<script type=\"application\/ld+json\" class=\"yoast-schema-graph\">{\"@context\":\"https:\\\/\\\/schema.org\",\"@graph\":[{\"@type\":\"WebPage\",\"@id\":\"https:\\\/\\\/webpubli-preproduccion.altermutua.com\\\/es\\\/la-mutua\\\/asamblea-general\\\/\",\"url\":\"https:\\\/\\\/webpubli-preproduccion.altermutua.com\\\/es\\\/la-mutua\\\/asamblea-general\\\/\",\"name\":\"Asamblea General - Alter Mutua\",\"isPartOf\":{\"@id\":\"https:\\\/\\\/webpubli-preproduccion.altermutua.com\\\/es\\\/#website\"},\"primaryImageOfPage\":{\"@id\":\"https:\\\/\\\/webpubli-preproduccion.altermutua.com\\\/es\\\/la-mutua\\\/asamblea-general\\\/#primaryimage\"},\"image\":{\"@id\":\"https:\\\/\\\/webpubli-preproduccion.altermutua.com\\\/es\\\/la-mutua\\\/asamblea-general\\\/#primaryimage\"},\"thumbnailUrl\":\"https:\\\/\\\/webpubli-preproduccion.altermutua.com\\\/wp-content\\\/uploads\\\/2022\\\/02\\\/Organos_gobierno.jpg\",\"datePublished\":\"2025-05-23T22:01:41+00:00\",\"dateModified\":\"2025-05-27T07:42:41+00:00\",\"description\":\"Aqu\u00ed puedes consultar toda la documentaci\u00f3n relativa a la pr\u00f3xima Asamblea General de Alter Mutua, que se celebrar\u00e1 el 25 de junio de 2025\",\"breadcrumb\":{\"@id\":\"https:\\\/\\\/webpubli-preproduccion.altermutua.com\\\/es\\\/la-mutua\\\/asamblea-general\\\/#breadcrumb\"},\"inLanguage\":\"es\",\"potentialAction\":[{\"@type\":\"ReadAction\",\"target\":[\"https:\\\/\\\/webpubli-preproduccion.altermutua.com\\\/es\\\/la-mutua\\\/asamblea-general\\\/\"]}]},{\"@type\":\"ImageObject\",\"inLanguage\":\"es\",\"@id\":\"https:\\\/\\\/webpubli-preproduccion.altermutua.com\\\/es\\\/la-mutua\\\/asamblea-general\\\/#primaryimage\",\"url\":\"https:\\\/\\\/webpubli-preproduccion.altermutua.com\\\/wp-content\\\/uploads\\\/2022\\\/02\\\/Organos_gobierno.jpg\",\"contentUrl\":\"https:\\\/\\\/webpubli-preproduccion.altermutua.com\\\/wp-content\\\/uploads\\\/2022\\\/02\\\/Organos_gobierno.jpg\",\"width\":1926,\"height\":981},{\"@type\":\"BreadcrumbList\",\"@id\":\"https:\\\/\\\/webpubli-preproduccion.altermutua.com\\\/es\\\/la-mutua\\\/asamblea-general\\\/#breadcrumb\",\"itemListElement\":[{\"@type\":\"ListItem\",\"position\":1,\"name\":\"Inici\",\"item\":\"https:\\\/\\\/webpubli-preproduccion.altermutua.com\\\/es\\\/altermutua\\\/\"},{\"@type\":\"ListItem\",\"position\":2,\"name\":\"La mutua\",\"item\":\"https:\\\/\\\/webpubli-preproduccion.altermutua.com\\\/es\\\/la-mutua\\\/\"},{\"@type\":\"ListItem\",\"position\":3,\"name\":\"Asamblea General\"}]},{\"@type\":\"WebSite\",\"@id\":\"https:\\\/\\\/webpubli-preproduccion.altermutua.com\\\/es\\\/#website\",\"url\":\"https:\\\/\\\/webpubli-preproduccion.altermutua.com\\\/es\\\/\",\"name\":\"Alter Mutua\",\"description\":\"La Mutua de los Abogados y Abogadas\",\"publisher\":{\"@id\":\"https:\\\/\\\/webpubli-preproduccion.altermutua.com\\\/es\\\/#organization\"},\"potentialAction\":[{\"@type\":\"SearchAction\",\"target\":{\"@type\":\"EntryPoint\",\"urlTemplate\":\"https:\\\/\\\/webpubli-preproduccion.altermutua.com\\\/es\\\/?s={search_term_string}\"},\"query-input\":{\"@type\":\"PropertyValueSpecification\",\"valueRequired\":true,\"valueName\":\"search_term_string\"}}],\"inLanguage\":\"es\"},{\"@type\":\"Organization\",\"@id\":\"https:\\\/\\\/webpubli-preproduccion.altermutua.com\\\/es\\\/#organization\",\"name\":\"Alter Mutua de los Abogados y Abogadas\",\"url\":\"https:\\\/\\\/webpubli-preproduccion.altermutua.com\\\/es\\\/\",\"logo\":{\"@type\":\"ImageObject\",\"inLanguage\":\"es\",\"@id\":\"https:\\\/\\\/webpubli-preproduccion.altermutua.com\\\/es\\\/#\\\/schema\\\/logo\\\/image\\\/\",\"url\":\"https:\\\/\\\/webpubli-preproduccion.altermutua.com\\\/wp-content\\\/uploads\\\/2021\\\/04\\\/logo_altermutua_CA-1.svg\",\"contentUrl\":\"https:\\\/\\\/webpubli-preproduccion.altermutua.com\\\/wp-content\\\/uploads\\\/2021\\\/04\\\/logo_altermutua_CA-1.svg\",\"width\":358,\"height\":133,\"caption\":\"Alter Mutua de los Abogados y Abogadas\"},\"image\":{\"@id\":\"https:\\\/\\\/webpubli-preproduccion.altermutua.com\\\/es\\\/#\\\/schema\\\/logo\\\/image\\\/\"},\"sameAs\":[\"https:\\\/\\\/www.facebook.com\\\/altermutua\\\/\",\"https:\\\/\\\/x.com\\\/altermutua\",\"https:\\\/\\\/www.linkedin.com\\\/company\\\/alter-mutua-de-los-abogados\\\/mycompany\\\/\",\"https:\\\/\\\/www.youtube.com\\\/channel\\\/UC1KJifmWZw8mUVxcfjQrHog\"]}]}<\/script>\n<!-- \/ Yoast SEO Premium plugin. -->","yoast_head_json":{"title":"Asamblea General - Alter Mutua","description":"Aqu\u00ed puedes consultar toda la documentaci\u00f3n relativa a la pr\u00f3xima Asamblea General de Alter Mutua, que se celebrar\u00e1 el 25 de junio de 2025","robots":{"index":"index","follow":"follow","max-snippet":"max-snippet:-1","max-image-preview":"max-image-preview:large","max-video-preview":"max-video-preview:-1"},"canonical":"https:\/\/webpubli-preproduccion.altermutua.com\/es\/la-mutua\/asamblea-general\/","og_locale":"es_ES","og_type":"article","og_title":"Asamblea General - Alter Mutua","og_description":"Aqu\u00ed puedes consultar toda la documentaci\u00f3n relativa a la pr\u00f3xima Asamblea General de Alter Mutua, que se celebrar\u00e1 el 25 de junio de 2025","og_url":"https:\/\/webpubli-preproduccion.altermutua.com\/es\/la-mutua\/asamblea-general\/","og_site_name":"Alter Mutua","article_publisher":"https:\/\/www.facebook.com\/altermutua\/","article_modified_time":"2025-05-27T07:42:41+00:00","og_image":[{"width":1926,"height":981,"url":"https:\/\/webpubli-preproduccion.altermutua.com\/wp-content\/uploads\/2022\/02\/Organos_gobierno.jpg","type":"image\/jpeg"}],"twitter_card":"summary_large_image","twitter_title":"Asamblea General - Alter Mutua","twitter_description":"Aqu\u00ed puedes consultar toda la documentaci\u00f3n relativa a la pr\u00f3xima Asamblea General de Alter Mutua, que se celebrar\u00e1 el 25 de junio de 2025","twitter_site":"@altermutua","twitter_misc":{"Tiempo de lectura":"2 minutos"},"schema":{"@context":"https:\/\/schema.org","@graph":[{"@type":"WebPage","@id":"https:\/\/webpubli-preproduccion.altermutua.com\/es\/la-mutua\/asamblea-general\/","url":"https:\/\/webpubli-preproduccion.altermutua.com\/es\/la-mutua\/asamblea-general\/","name":"Asamblea General - Alter Mutua","isPartOf":{"@id":"https:\/\/webpubli-preproduccion.altermutua.com\/es\/#website"},"primaryImageOfPage":{"@id":"https:\/\/webpubli-preproduccion.altermutua.com\/es\/la-mutua\/asamblea-general\/#primaryimage"},"image":{"@id":"https:\/\/webpubli-preproduccion.altermutua.com\/es\/la-mutua\/asamblea-general\/#primaryimage"},"thumbnailUrl":"https:\/\/webpubli-preproduccion.altermutua.com\/wp-content\/uploads\/2022\/02\/Organos_gobierno.jpg","datePublished":"2025-05-23T22:01:41+00:00","dateModified":"2025-05-27T07:42:41+00:00","description":"Aqu\u00ed puedes consultar toda la documentaci\u00f3n relativa a la pr\u00f3xima Asamblea General de Alter Mutua, que se celebrar\u00e1 el 25 de junio de 2025","breadcrumb":{"@id":"https:\/\/webpubli-preproduccion.altermutua.com\/es\/la-mutua\/asamblea-general\/#breadcrumb"},"inLanguage":"es","potentialAction":[{"@type":"ReadAction","target":["https:\/\/webpubli-preproduccion.altermutua.com\/es\/la-mutua\/asamblea-general\/"]}]},{"@type":"ImageObject","inLanguage":"es","@id":"https:\/\/webpubli-preproduccion.altermutua.com\/es\/la-mutua\/asamblea-general\/#primaryimage","url":"https:\/\/webpubli-preproduccion.altermutua.com\/wp-content\/uploads\/2022\/02\/Organos_gobierno.jpg","contentUrl":"https:\/\/webpubli-preproduccion.altermutua.com\/wp-content\/uploads\/2022\/02\/Organos_gobierno.jpg","width":1926,"height":981},{"@type":"BreadcrumbList","@id":"https:\/\/webpubli-preproduccion.altermutua.com\/es\/la-mutua\/asamblea-general\/#breadcrumb","itemListElement":[{"@type":"ListItem","position":1,"name":"Inici","item":"https:\/\/webpubli-preproduccion.altermutua.com\/es\/altermutua\/"},{"@type":"ListItem","position":2,"name":"La mutua","item":"https:\/\/webpubli-preproduccion.altermutua.com\/es\/la-mutua\/"},{"@type":"ListItem","position":3,"name":"Asamblea General"}]},{"@type":"WebSite","@id":"https:\/\/webpubli-preproduccion.altermutua.com\/es\/#website","url":"https:\/\/webpubli-preproduccion.altermutua.com\/es\/","name":"Alter Mutua","description":"La Mutua de los Abogados y Abogadas","publisher":{"@id":"https:\/\/webpubli-preproduccion.altermutua.com\/es\/#organization"},"potentialAction":[{"@type":"SearchAction","target":{"@type":"EntryPoint","urlTemplate":"https:\/\/webpubli-preproduccion.altermutua.com\/es\/?s={search_term_string}"},"query-input":{"@type":"PropertyValueSpecification","valueRequired":true,"valueName":"search_term_string"}}],"inLanguage":"es"},{"@type":"Organization","@id":"https:\/\/webpubli-preproduccion.altermutua.com\/es\/#organization","name":"Alter Mutua de los Abogados y Abogadas","url":"https:\/\/webpubli-preproduccion.altermutua.com\/es\/","logo":{"@type":"ImageObject","inLanguage":"es","@id":"https:\/\/webpubli-preproduccion.altermutua.com\/es\/#\/schema\/logo\/image\/","url":"https:\/\/webpubli-preproduccion.altermutua.com\/wp-content\/uploads\/2021\/04\/logo_altermutua_CA-1.svg","contentUrl":"https:\/\/webpubli-preproduccion.altermutua.com\/wp-content\/uploads\/2021\/04\/logo_altermutua_CA-1.svg","width":358,"height":133,"caption":"Alter Mutua de los Abogados y Abogadas"},"image":{"@id":"https:\/\/webpubli-preproduccion.altermutua.com\/es\/#\/schema\/logo\/image\/"},"sameAs":["https:\/\/www.facebook.com\/altermutua\/","https:\/\/x.com\/altermutua","https:\/\/www.linkedin.com\/company\/alter-mutua-de-los-abogados\/mycompany\/","https:\/\/www.youtube.com\/channel\/UC1KJifmWZw8mUVxcfjQrHog"]}]}},"_links":{"self":[{"href":"https:\/\/webpubli-preproduccion.altermutua.com\/es\/wp-json\/wp\/v2\/pages\/18741","targetHints":{"allow":["GET"]}}],"collection":[{"href":"https:\/\/webpubli-preproduccion.altermutua.com\/es\/wp-json\/wp\/v2\/pages"}],"about":[{"href":"https:\/\/webpubli-preproduccion.altermutua.com\/es\/wp-json\/wp\/v2\/types\/page"}],"author":[{"embeddable":true,"href":"https:\/\/webpubli-preproduccion.altermutua.com\/es\/wp-json\/wp\/v2\/users\/2"}],"replies":[{"embeddable":true,"href":"https:\/\/webpubli-preproduccion.altermutua.com\/es\/wp-json\/wp\/v2\/comments?post=18741"}],"version-history":[{"count":6,"href":"https:\/\/webpubli-preproduccion.altermutua.com\/es\/wp-json\/wp\/v2\/pages\/18741\/revisions"}],"predecessor-version":[{"id":18781,"href":"https:\/\/webpubli-preproduccion.altermutua.com\/es\/wp-json\/wp\/v2\/pages\/18741\/revisions\/18781"}],"up":[{"embeddable":true,"href":"https:\/\/webpubli-preproduccion.altermutua.com\/es\/wp-json\/wp\/v2\/pages\/8112"}],"wp:featuredmedia":[{"embeddable":true,"href":"https:\/\/webpubli-preproduccion.altermutua.com\/es\/wp-json\/wp\/v2\/media\/7991"}],"wp:attachment":[{"href":"https:\/\/webpubli-preproduccion.altermutua.com\/es\/wp-json\/wp\/v2\/media?parent=18741"}],"curies":[{"name":"wp","href":"https:\/\/api.w.org\/{rel}","templated":true}]}}